{"id":59,"date":"2022-08-29T09:52:19","date_gmt":"2022-08-29T07:52:19","guid":{"rendered":"http:\/\/envisluzbysro.cz\/?page_id=59"},"modified":"2022-08-31T12:25:04","modified_gmt":"2022-08-31T10:25:04","slug":"nabizene-sluzby","status":"publish","type":"page","link":"https:\/\/envisluzbysro.cz\/?page_id=59","title":{"rendered":"Nab\u00edzen\u00e9 slu\u017eby"},"content":{"rendered":"\n<ul>\n<li><strong>Havarijn\u00ed a preventivn\u00ed \u010di\u0161t\u011bn\u00ed svisl\u00fdch a le\u017eat\u00fdch kanalizac\u00ed<\/strong> (v\u0161echny DN) <\/li>\n<li><strong>\u010ci\u0161t\u011bn\u00ed faserfixov\u00fdch (odvod\u0148ovac\u00edch) kan\u00e1lk\u016f <\/strong><\/li>\n<li><strong>Monitoring kanalizac\u00ed TV kamerou<\/strong> (v\u0161echny DN)<\/li>\n<li><strong>Fr\u00e9zov\u00e1n\u00ed stoupa\u010dek<\/strong><br> (i svisl\u00fdch potrub\u00ed \u2013 vodovodn\u00ed, tukov\u00e1 kanalizace): nej\u010dast\u011bj\u0161\u00ed p\u0159\u00ed\u010dina zar\u016fstaj\u00edc\u00ed potrub\u00ed od vodn\u00edho a mo\u010dov\u00e9ho kamene, u tukov\u00e9 kanalizace n\u00e1nosy ztvrdl\u00e9ho tuku. <br>\nS technikou dok\u00e1\u017eeme nejen potrub\u00ed pro\u0161\u0165ouchnout ale komplet \u201evyle\u0161tit\u201c tzn. vy\u010distit cel\u00fd profil trubky. A to d\u00edky vysokoot\u00e1\u010dkov\u00fdm motor\u016fm 2.900 ot.\/min.<br> \nV n\u00e1vaznosti na typ ucp\u00e1n\u00ed (inkrusty, tuk) se vol\u00ed jednotliv\u00e9 n\u00e1stavce aby bylo zaru\u010deno efektivn\u00ed vy\u010di\u0161t\u011bn\u00ed. Nap\u0159. fr\u00e9zy (vibra\u010dn\u00ed, vrtac\u00ed), \u0159et\u011bzy, kter\u00e9 se rozt\u00e1hnou na danou dimenzi kanalizace. <br>\nProfily do kter\u00fdch jsme schopni se dostat DN (32-300 mm), materi\u00e1l PVC, ocel, litina, kamenina (nesm\u00ed b\u00fdt po\u0161kozena \u2013 mohlo by doj\u00edt k \u00fapln\u00e9mu zni\u010den\u00ed).  Pr\u00e1ce se kontroluj\u00ed v pr\u016fb\u011bhu fr\u00e9zovan\u00ed kamerov\u00fdm syst\u00e9mem a pokud je podez\u0159en\u00ed na po\u0161kozen\u00ed, tak to z\u00e1kazn\u00edkovi v\u016fbec nedoporu\u010dujeme. Pouze na jeho riziko. \n<\/li>\n<li><strong>S\u00e1n\u00ed cisternov\u00fdm vozem 2m<sup>3<\/sup> pojezdov\u00e1 v\u00fd\u0161ka 1,8 m (z gar\u00e1\u017e\u00ed) v\u010detn\u011b vysokotlak\u00e9ho \u010di\u0161t\u011bn\u00ed<\/strong><\/li>\n<li><strong>Ru\u010dn\u00ed \u010di\u0161t\u011bn\u00ed j\u00edmek z \u0161patn\u011b dostupn\u00fdch m\u00edst <\/strong><\/li>\n<li><strong>Kompletn\u00ed servis odlu\u010dova\u010d\u016f tukov\u00fdch l\u00e1tek<\/strong><\/li>\n<li><strong>Kompletn\u00ed servis odlu\u010dova\u010d\u016f ropn\u00fdch l\u00e1tek <\/strong><\/li>\n<li><strong>Odstran\u011bn\u00ed spla\u0161kov\u00fdch vod z j\u00edmek <\/strong><\/li> \n<li><strong>Odb\u011bry a anal\u00fdzy odpadn\u00edch vod v akreditovan\u00e9 laborato\u0159i<\/strong><\/li>\n<li><strong>Zpracov\u00e1n\u00ed Provozn\u00edch den\u00edk\u016f a \u0159\u00e1d\u016f (ORL, OTL, \u010cOV) <\/strong><\/li>\n<li><strong>T\u011bsnost\u00ed zkou\u0161ky j\u00edmek <\/strong><\/li> \n<li><strong>Drobn\u00e9 stavebn\u00ed pr\u00e1ce (v\u00fdm\u011bny kanalizac\u00ed, j\u00edmek)<\/strong> <\/li>\n<li><strong>Bezv\u00fdkopov\u00e9 opravy kanalizac\u00ed (svisl\u00e9 \u2013 le\u017eat\u00e9), stoupa\u010dky, svody, p\u0159\u00edpojky, <\/strong><\/li>\n<li><a href=\"http:\/\/envisluzbysro.cz\/?page_id=116#svarovani\"><strong>Opravy j\u00edmek sva\u0159ov\u00e1n\u00edm plast\u016f<\/strong><\/a><\/li>\n<\/ul>\n<p><a href=\"http:\/\/envisluzbysro.cz\/?page_id=116\">Prohl\u00e9dn\u011bte si uk\u00e1zky na\u0161\u00ed pr\u00e1ce<\/a><\/p>\n\n\n\n<p><\/p>\n","protected":false},"excerpt":{"rendered":"<p>Havarijn\u00ed a preventivn\u00ed \u010di\u0161t\u011bn\u00ed svisl\u00fdch a le\u017eat\u00fdch kanalizac\u00ed (v\u0161echny DN) \u010ci\u0161t\u011bn\u00ed faserfixov\u00fdch (odvod\u0148ovac\u00edch) kan\u00e1lk\u016f Monitoring kanalizac\u00ed TV kamerou (v\u0161echny DN) Fr\u00e9zov\u00e1n\u00ed stoupa\u010dek (i svisl\u00fdch potrub\u00ed \u2013 vodovodn\u00ed, tukov\u00e1 kanalizace): nej\u010dast\u011bj\u0161\u00ed<\/p>\n<p class=\"more-link\"><a href=\"https:\/\/envisluzbysro.cz\/?page_id=59\" class=\"readmore\">V\u00edce informac\u00ed<svg class=\"icon icon-angle-right\" aria-hidden=\"true\" role=\"img\"> <use href=\"#icon-angle-right\" xlink:href=\"#icon-angle-right\"><\/use> <\/svg><span class=\"screen-reader-text\">Nab\u00edzen\u00e9 slu\u017eby<\/span><\/a><\/p>\n","protected":false},"author":1,"featured_media":0,"parent":0,"menu_order":0,"comment_status":"closed","ping_status":"closed","template":"","meta":[],"_links":{"self":[{"href":"https:\/\/envisluzbysro.cz\/index.php?rest_route=\/wp\/v2\/pages\/59"}],"collection":[{"href":"https:\/\/envisluzbysro.cz\/index.php?rest_route=\/wp\/v2\/pages"}],"about":[{"href":"https:\/\/envisluzbysro.cz\/index.php?rest_route=\/wp\/v2\/types\/page"}],"author":[{"embeddable":true,"href":"https:\/\/envisluzbysro.cz\/index.php?rest_route=\/wp\/v2\/users\/1"}],"replies":[{"embeddable":true,"href":"https:\/\/envisluzbysro.cz\/index.php?rest_route=%2Fwp%2Fv2%2Fcomments&post=59"}],"version-history":[{"count":19,"href":"https:\/\/envisluzbysro.cz\/index.php?rest_route=\/wp\/v2\/pages\/59\/revisions"}],"predecessor-version":[{"id":284,"href":"https:\/\/envisluzbysro.cz\/index.php?rest_route=\/wp\/v2\/pages\/59\/revisions\/284"}],"wp:attachment":[{"href":"https:\/\/envisluzbysro.cz\/index.php?rest_route=%2Fwp%2Fv2%2Fmedia&parent=59"}],"curies":[{"name":"wp","href":"https:\/\/api.w.org\/{rel}","templated":true}]}}