{"id":56,"date":"2022-08-29T09:52:27","date_gmt":"2022-08-29T07:52:27","guid":{"rendered":"http:\/\/envisluzbysro.cz\/?page_id=56"},"modified":"2022-08-29T09:52:28","modified_gmt":"2022-08-29T07:52:28","slug":"kontakty","status":"publish","type":"page","link":"https:\/\/envisluzbysro.cz\/?page_id=56","title":{"rendered":"Kontakty"},"content":{"rendered":"\n<p><strong>Envi-slu\u017eby s.r.o.<\/strong><br>Milan Ko\u0159\u00ednek \u2013 jednatel<\/p>\n\n\n\n<p><strong>Email :<\/strong> <a href=\"mailto:envi-sluzby@seznam.cz\">envi-sluzby@seznam.cz<\/a><\/p>\n\n\n\n<p><strong>Kontaktn\u00ed telefony :<\/strong> 603&nbsp;472&nbsp;790, 603&nbsp;809&nbsp;342<\/p>\n\n\n\n<p><strong>S\u00eddlo spole\u010dnosti :<\/strong><br>Na Mlejnku 1238\/2a, 147 00 Praha 4<\/p>\n\n\n\n<p><strong>Provozovna a z\u00e1zem\u00ed pro techniku :<\/strong><br>Are\u00e1l Mahrla s.r.o.<br>Za Zast\u00e1vkou 377\/3, 109 00 Praha \u2013 Doln\u00ed M\u011bcholupy<\/p>\n\n\n\n<p>I\u010cO : 24691291<br>DI\u010c : CZ24691291<\/p>\n\n\n\n<p>Spole\u010dnost zapsan\u00e1 u M\u011bstsk\u00e9ho soudu v&nbsp;Praze, C166477<\/p>\n\n\n\n<p>\u010c\u00edslo \u00fa\u010dtu : 2900919601\/2010<br>Bankovn\u00ed \u00fastav : Fio banka<\/p>\n\n\n\n<p><\/p>\n\n\n\n<p><strong>P\u016fsobnost :<\/strong><br>Praha, st\u0159edn\u00ed \u010cechy, Bene\u0161ov, Vla\u0161im, Mlad\u00e1 Boleslav, Kladno, Rakovn\u00edk, Roudnice nad Labem, Plze\u0148, Liberec<\/p>\n\n\n\n<p>Reference : na vy\u017e\u00e1d\u00e1n\u00ed<\/p>\n\n\n\n<p><\/p>\n","protected":false},"excerpt":{"rendered":"<p>Envi-slu\u017eby s.r.o.Milan Ko\u0159\u00ednek \u2013 jednatel Email : envi-sluzby@seznam.cz Kontaktn\u00ed telefony : 603&nbsp;472&nbsp;790, 603&nbsp;809&nbsp;342 S\u00eddlo spole\u010dnosti :Na Mlejnku 1238\/2a, 147 00 Praha 4 Provozovna a z\u00e1zem\u00ed pro techniku :Are\u00e1l Mahrla s.r.o.Za<\/p>\n<p class=\"more-link\"><a href=\"https:\/\/envisluzbysro.cz\/?page_id=56\" class=\"readmore\">V\u00edce informac\u00ed<svg class=\"icon icon-angle-right\" aria-hidden=\"true\" role=\"img\"> <use href=\"#icon-angle-right\" xlink:href=\"#icon-angle-right\"><\/use> <\/svg><span class=\"screen-reader-text\">Kontakty<\/span><\/a><\/p>\n","protected":false},"author":1,"featured_media":0,"parent":0,"menu_order":0,"comment_status":"closed","ping_status":"closed","template":"","meta":[],"_links":{"self":[{"href":"https:\/\/envisluzbysro.cz\/index.php?rest_route=\/wp\/v2\/pages\/56"}],"collection":[{"href":"https:\/\/envisluzbysro.cz\/index.php?rest_route=\/wp\/v2\/pages"}],"about":[{"href":"https:\/\/envisluzbysro.cz\/index.php?rest_route=\/wp\/v2\/types\/page"}],"author":[{"embeddable":true,"href":"https:\/\/envisluzbysro.cz\/index.php?rest_route=\/wp\/v2\/users\/1"}],"replies":[{"embeddable":true,"href":"https:\/\/envisluzbysro.cz\/index.php?rest_route=%2Fwp%2Fv2%2Fcomments&post=56"}],"version-history":[{"count":2,"href":"https:\/\/envisluzbysro.cz\/index.php?rest_route=\/wp\/v2\/pages\/56\/revisions"}],"predecessor-version":[{"id":61,"href":"https:\/\/envisluzbysro.cz\/index.php?rest_route=\/wp\/v2\/pages\/56\/revisions\/61"}],"wp:attachment":[{"href":"https:\/\/envisluzbysro.cz\/index.php?rest_route=%2Fwp%2Fv2%2Fmedia&parent=56"}],"curies":[{"name":"wp","href":"https:\/\/api.w.org\/{rel}","templated":true}]}}