{"id":116,"date":"2022-08-29T18:09:01","date_gmt":"2022-08-29T16:09:01","guid":{"rendered":"http:\/\/envisluzbysro.cz\/?page_id=116"},"modified":"2022-09-26T23:22:25","modified_gmt":"2022-09-26T21:22:25","slug":"galerie","status":"publish","type":"page","link":"https:\/\/envisluzbysro.cz\/?page_id=116","title":{"rendered":"Uk\u00e1zky na\u0161\u00ed pr\u00e1ce"},"content":{"rendered":"\n<h3><strong>\u010ci\u0161t\u011bn\u00ed a monitoring kanalizac\u00ed na \u0161patn\u011b dostupn\u00fdch m\u00edstech<\/strong><\/h3>\n\n\n\n<figure class=\"wp-container-2 wp-block-gallery-1 wp-block-gallery has-nested-images columns-default is-cropped\">\n<figure class=\"wp-block-image size-large\"><a href=\"http:\/\/envisluzbysro.cz\/wp-content\/uploads\/2022\/08\/cisteni1.jpg\"><img loading=\"lazy\" width=\"576\" height=\"1024\" data-id=\"138\"  src=\"http:\/\/envisluzbysro.cz\/wp-content\/uploads\/2022\/08\/cisteni1-576x1024.jpg\" alt=\"\" class=\"wp-image-138\" srcset=\"https:\/\/envisluzbysro.cz\/wp-content\/uploads\/2022\/08\/cisteni1-576x1024.jpg 576w, https:\/\/envisluzbysro.cz\/wp-content\/uploads\/2022\/08\/cisteni1-169x300.jpg 169w, https:\/\/envisluzbysro.cz\/wp-content\/uploads\/2022\/08\/cisteni1.jpg 663w\" sizes=\"(max-width: 576px) 100vw, 576px\" \/><\/a><\/figure>\n\n\n\n<figure class=\"wp-block-image size-full\"><a href=\"http:\/\/envisluzbysro.cz\/wp-content\/uploads\/2022\/08\/cisteni3-1.jpg\"><img loading=\"lazy\" width=\"562\" height=\"900\" data-id=\"142\"  src=\"http:\/\/envisluzbysro.cz\/wp-content\/uploads\/2022\/08\/cisteni3-1.jpg\" alt=\"\" class=\"wp-image-142\" srcset=\"https:\/\/envisluzbysro.cz\/wp-content\/uploads\/2022\/08\/cisteni3-1.jpg 562w, https:\/\/envisluzbysro.cz\/wp-content\/uploads\/2022\/08\/cisteni3-1-187x300.jpg 187w\" sizes=\"(max-width: 562px) 100vw, 562px\" \/><\/a><\/figure>\n<\/figure>\n\n\n\n<h3><strong>Fr\u00e9zov\u00e1n\u00ed kanaliza\u010dn\u00edch stoupa\u010dek<\/strong><\/h3>\n\n\n\n<figure class=\"wp-container-4 wp-block-gallery-3 wp-block-gallery has-nested-images columns-default is-cropped\">\n<figure class=\"wp-block-image size-large\"><a href=\"http:\/\/envisluzbysro.cz\/wp-content\/uploads\/2022\/08\/freyovani1.jpg\"><img loading=\"lazy\" width=\"577\" height=\"1024\" data-id=\"144\"  src=\"http:\/\/envisluzbysro.cz\/wp-content\/uploads\/2022\/08\/freyovani1-577x1024.jpg\" alt=\"\" class=\"wp-image-144\" srcset=\"https:\/\/envisluzbysro.cz\/wp-content\/uploads\/2022\/08\/freyovani1-577x1024.jpg 577w, https:\/\/envisluzbysro.cz\/wp-content\/uploads\/2022\/08\/freyovani1-169x300.jpg 169w, https:\/\/envisluzbysro.cz\/wp-content\/uploads\/2022\/08\/freyovani1.jpg 660w\" sizes=\"(max-width: 577px) 100vw, 577px\" \/><\/a><\/figure>\n\n\n\n<figure class=\"wp-block-image size-large\"><a href=\"http:\/\/envisluzbysro.cz\/wp-content\/uploads\/2022\/08\/freyovani2.jpg\"><img loading=\"lazy\" width=\"576\" height=\"1024\" data-id=\"145\"  src=\"http:\/\/envisluzbysro.cz\/wp-content\/uploads\/2022\/08\/freyovani2-576x1024.jpg\" alt=\"\" class=\"wp-image-145\" srcset=\"https:\/\/envisluzbysro.cz\/wp-content\/uploads\/2022\/08\/freyovani2-576x1024.jpg 576w, https:\/\/envisluzbysro.cz\/wp-content\/uploads\/2022\/08\/freyovani2-169x300.jpg 169w, https:\/\/envisluzbysro.cz\/wp-content\/uploads\/2022\/08\/freyovani2-768x1364.jpg 768w, https:\/\/envisluzbysro.cz\/wp-content\/uploads\/2022\/08\/freyovani2-865x1536.jpg 865w, https:\/\/envisluzbysro.cz\/wp-content\/uploads\/2022\/08\/freyovani2.jpg 918w\" sizes=\"(max-width: 576px) 100vw, 576px\" \/><\/a><\/figure>\n<\/figure>\n\n\n\n<h3><strong>Sanace kanalizac\u00ed pomoc\u00ed ruk\u00e1vc\u016f<\/strong><\/h3>\n\n\n\n<figure class=\"wp-container-6 wp-block-gallery-5 wp-block-gallery has-nested-images columns-default is-cropped\">\n<figure class=\"wp-block-image size-large\"><a href=\"http:\/\/envisluzbysro.cz\/wp-content\/uploads\/2022\/08\/sanace1.jpg\"><img loading=\"lazy\" width=\"1009\" height=\"757\" data-id=\"148\"  src=\"http:\/\/envisluzbysro.cz\/wp-content\/uploads\/2022\/08\/sanace1.jpg\" alt=\"\" class=\"wp-image-148\" srcset=\"https:\/\/envisluzbysro.cz\/wp-content\/uploads\/2022\/08\/sanace1.jpg 1009w, https:\/\/envisluzbysro.cz\/wp-content\/uploads\/2022\/08\/sanace1-300x225.jpg 300w, https:\/\/envisluzbysro.cz\/wp-content\/uploads\/2022\/08\/sanace1-768x576.jpg 768w, https:\/\/envisluzbysro.cz\/wp-content\/uploads\/2022\/08\/sanace1-640x480.jpg 640w\" sizes=\"(max-width: 1009px) 100vw, 1009px\" \/><\/a><\/figure>\n\n\n\n<figure class=\"wp-block-image size-large\"><a href=\"http:\/\/envisluzbysro.cz\/wp-content\/uploads\/2022\/08\/sanace2.jpg\"><img loading=\"lazy\" width=\"758\" height=\"1011\" data-id=\"149\"  src=\"http:\/\/envisluzbysro.cz\/wp-content\/uploads\/2022\/08\/sanace2.jpg\" alt=\"\" class=\"wp-image-149\" srcset=\"https:\/\/envisluzbysro.cz\/wp-content\/uploads\/2022\/08\/sanace2.jpg 758w, https:\/\/envisluzbysro.cz\/wp-content\/uploads\/2022\/08\/sanace2-225x300.jpg 225w, https:\/\/envisluzbysro.cz\/wp-content\/uploads\/2022\/08\/sanace2-640x853.jpg 640w\" sizes=\"(max-width: 758px) 100vw, 758px\" \/><\/a><\/figure>\n<\/figure>\n\n\n\n<h3><strong>Ru\u010dn\u00ed \u010di\u0161t\u011bn\u00ed j\u00edmek v&nbsp;gar\u00e1\u017e\u00edch a \u0161patn\u011b dostupn\u00fdch m\u00edstech<\/strong><\/h3>\n\n\n\n<p><\/p>\n\n\n\n<figure class=\"wp-container-8 wp-block-gallery-7 wp-block-gallery has-nested-images columns-default is-cropped\">\n<figure class=\"wp-block-image size-large\"><a href=\"http:\/\/envisluzbysro.cz\/wp-content\/uploads\/2022\/08\/rucni-cisteni-2.jpg\"><img loading=\"lazy\" width=\"754\" height=\"424\" data-id=\"153\"  src=\"http:\/\/envisluzbysro.cz\/wp-content\/uploads\/2022\/08\/rucni-cisteni-2.jpg\" alt=\"\" class=\"wp-image-153\" srcset=\"https:\/\/envisluzbysro.cz\/wp-content\/uploads\/2022\/08\/rucni-cisteni-2.jpg 754w, https:\/\/envisluzbysro.cz\/wp-content\/uploads\/2022\/08\/rucni-cisteni-2-300x169.jpg 300w\" sizes=\"(max-width: 754px) 100vw, 754px\" \/><\/a><\/figure>\n\n\n\n<figure class=\"wp-block-image size-large\"><a href=\"http:\/\/envisluzbysro.cz\/wp-content\/uploads\/2022\/08\/rucni-cisteni-3.jpg\"><img loading=\"lazy\" width=\"576\" height=\"1024\" data-id=\"154\"  src=\"http:\/\/envisluzbysro.cz\/wp-content\/uploads\/2022\/08\/rucni-cisteni-3-576x1024.jpg\" alt=\"\" class=\"wp-image-154\" srcset=\"https:\/\/envisluzbysro.cz\/wp-content\/uploads\/2022\/08\/rucni-cisteni-3-576x1024.jpg 576w, https:\/\/envisluzbysro.cz\/wp-content\/uploads\/2022\/08\/rucni-cisteni-3-169x300.jpg 169w, https:\/\/envisluzbysro.cz\/wp-content\/uploads\/2022\/08\/rucni-cisteni-3-768x1366.jpg 768w, https:\/\/envisluzbysro.cz\/wp-content\/uploads\/2022\/08\/rucni-cisteni-3-863x1536.jpg 863w, https:\/\/envisluzbysro.cz\/wp-content\/uploads\/2022\/08\/rucni-cisteni-3.jpg 1045w\" sizes=\"(max-width: 576px) 100vw, 576px\" \/><\/a><\/figure>\n<\/figure>\n\n\n\n<h3><strong>S\u00e1n\u00ed a tlakov\u00e9 myt\u00ed&nbsp; lapol\u016f a j\u00edmek z&nbsp;gar\u00e1\u017e\u00ed, pojezdov\u00e1 v\u00fd\u0161ka 1,8 metr\u016f<\/strong><\/h3>\n\n\n\n<figure class=\"wp-container-10 wp-block-gallery-9 wp-block-gallery has-nested-images columns-default is-cropped\">\n<figure class=\"wp-block-image size-large\"><a href=\"http:\/\/envisluzbysro.cz\/wp-content\/uploads\/2022\/08\/sani-2.jpg\"><img loading=\"lazy\" width=\"1024\" height=\"576\" data-id=\"160\"  src=\"http:\/\/envisluzbysro.cz\/wp-content\/uploads\/2022\/08\/sani-2-1024x576.jpg\" alt=\"\" class=\"wp-image-160\" srcset=\"https:\/\/envisluzbysro.cz\/wp-content\/uploads\/2022\/08\/sani-2-1024x576.jpg 1024w, https:\/\/envisluzbysro.cz\/wp-content\/uploads\/2022\/08\/sani-2-300x169.jpg 300w, https:\/\/envisluzbysro.cz\/wp-content\/uploads\/2022\/08\/sani-2-768x432.jpg 768w, https:\/\/envisluzbysro.cz\/wp-content\/uploads\/2022\/08\/sani-2-1536x864.jpg 1536w, https:\/\/envisluzbysro.cz\/wp-content\/uploads\/2022\/08\/sani-2.jpg 1576w\" sizes=\"(max-width: 1024px) 100vw, 1024px\" \/><\/a><\/figure>\n\n\n\n<figure class=\"wp-block-image size-large\"><a href=\"http:\/\/envisluzbysro.cz\/wp-content\/uploads\/2022\/08\/sani-3.jpg\"><img loading=\"lazy\" width=\"572\" height=\"1018\" data-id=\"159\"  src=\"http:\/\/envisluzbysro.cz\/wp-content\/uploads\/2022\/08\/sani-3.jpg\" alt=\"\" class=\"wp-image-159\" srcset=\"https:\/\/envisluzbysro.cz\/wp-content\/uploads\/2022\/08\/sani-3.jpg 572w, https:\/\/envisluzbysro.cz\/wp-content\/uploads\/2022\/08\/sani-3-169x300.jpg 169w\" sizes=\"(max-width: 572px) 100vw, 572px\" \/><\/a><\/figure>\n<\/figure>\n\n\n\n<h3>Tukov\u00fd lapol p\u0159ed a po \u010di\u0161t\u011bn\u00ed<\/h3>\n\n\n\n<figure class=\"wp-container-12 wp-block-gallery-11 wp-block-gallery has-nested-images columns-default is-cropped\">\n<figure class=\"wp-block-image size-large\"><a href=\"http:\/\/envisluzbysro.cz\/wp-content\/uploads\/2022\/08\/tukovy-lapol-1.jpg\"><img loading=\"lazy\" width=\"737\" height=\"972\" data-id=\"164\"  src=\"http:\/\/envisluzbysro.cz\/wp-content\/uploads\/2022\/08\/tukovy-lapol-1.jpg\" alt=\"\" class=\"wp-image-164\" srcset=\"https:\/\/envisluzbysro.cz\/wp-content\/uploads\/2022\/08\/tukovy-lapol-1.jpg 737w, https:\/\/envisluzbysro.cz\/wp-content\/uploads\/2022\/08\/tukovy-lapol-1-227x300.jpg 227w\" sizes=\"(max-width: 737px) 100vw, 737px\" \/><\/a><\/figure>\n\n\n\n<figure class=\"wp-block-image size-large\"><a href=\"http:\/\/envisluzbysro.cz\/wp-content\/uploads\/2022\/08\/tukovy-lapol-2.jpg\"><img loading=\"lazy\" width=\"845\" height=\"1006\" data-id=\"163\"  src=\"http:\/\/envisluzbysro.cz\/wp-content\/uploads\/2022\/08\/tukovy-lapol-2.jpg\" alt=\"\" class=\"wp-image-163\" srcset=\"https:\/\/envisluzbysro.cz\/wp-content\/uploads\/2022\/08\/tukovy-lapol-2.jpg 845w, https:\/\/envisluzbysro.cz\/wp-content\/uploads\/2022\/08\/tukovy-lapol-2-252x300.jpg 252w, https:\/\/envisluzbysro.cz\/wp-content\/uploads\/2022\/08\/tukovy-lapol-2-768x914.jpg 768w\" sizes=\"(max-width: 845px) 100vw, 845px\" \/><\/a><\/figure>\n<\/figure>\n\n\n\n<h3>V\u00fdm\u011bna kanalizace<\/h3>\n\n\n\n<figure class=\"wp-container-14 wp-block-gallery-13 wp-block-gallery has-nested-images columns-default is-cropped\">\n<figure class=\"wp-block-image size-large\"><a href=\"http:\/\/envisluzbysro.cz\/wp-content\/uploads\/2022\/08\/vymena-kanalizace-1.jpg\"><img loading=\"lazy\" width=\"749\" height=\"998\" data-id=\"168\"  src=\"http:\/\/envisluzbysro.cz\/wp-content\/uploads\/2022\/08\/vymena-kanalizace-1.jpg\" alt=\"\" class=\"wp-image-168\" srcset=\"https:\/\/envisluzbysro.cz\/wp-content\/uploads\/2022\/08\/vymena-kanalizace-1.jpg 749w, https:\/\/envisluzbysro.cz\/wp-content\/uploads\/2022\/08\/vymena-kanalizace-1-225x300.jpg 225w, https:\/\/envisluzbysro.cz\/wp-content\/uploads\/2022\/08\/vymena-kanalizace-1-640x853.jpg 640w\" sizes=\"(max-width: 749px) 100vw, 749px\" \/><\/a><\/figure>\n\n\n\n<figure class=\"wp-block-image size-large\"><a href=\"http:\/\/envisluzbysro.cz\/wp-content\/uploads\/2022\/08\/vymena-kanalizace-2.jpg\"><img loading=\"lazy\" width=\"745\" height=\"994\" data-id=\"167\"  src=\"http:\/\/envisluzbysro.cz\/wp-content\/uploads\/2022\/08\/vymena-kanalizace-2.jpg\" alt=\"\" class=\"wp-image-167\" srcset=\"https:\/\/envisluzbysro.cz\/wp-content\/uploads\/2022\/08\/vymena-kanalizace-2.jpg 745w, https:\/\/envisluzbysro.cz\/wp-content\/uploads\/2022\/08\/vymena-kanalizace-2-225x300.jpg 225w, https:\/\/envisluzbysro.cz\/wp-content\/uploads\/2022\/08\/vymena-kanalizace-2-640x853.jpg 640w\" sizes=\"(max-width: 745px) 100vw, 745px\" \/><\/a><\/figure>\n<\/figure>\n\n\n\n<h3>\u010ci\u0161t\u011bn\u00ed j\u00edmek<\/h3>\n\n\n\n<figure class=\"wp-container-16 wp-block-gallery-15 wp-block-gallery has-nested-images columns-default is-cropped\">\n<figure class=\"wp-block-image size-large\"><a href=\"http:\/\/envisluzbysro.cz\/wp-content\/uploads\/2022\/08\/cisteni-jimek-1.jpg\"><img loading=\"lazy\" width=\"670\" height=\"990\" data-id=\"171\"  src=\"http:\/\/envisluzbysro.cz\/wp-content\/uploads\/2022\/08\/cisteni-jimek-1.jpg\" alt=\"\" class=\"wp-image-171\" srcset=\"https:\/\/envisluzbysro.cz\/wp-content\/uploads\/2022\/08\/cisteni-jimek-1.jpg 670w, https:\/\/envisluzbysro.cz\/wp-content\/uploads\/2022\/08\/cisteni-jimek-1-203x300.jpg 203w\" sizes=\"(max-width: 670px) 100vw, 670px\" \/><\/a><\/figure>\n\n\n\n<figure class=\"wp-block-image size-large\"><a href=\"http:\/\/envisluzbysro.cz\/wp-content\/uploads\/2022\/08\/20200819_071104-scaled.jpg\"><img loading=\"lazy\" width=\"576\" height=\"1024\" data-id=\"174\"  src=\"http:\/\/envisluzbysro.cz\/wp-content\/uploads\/2022\/08\/20200819_071104-576x1024.jpg\" alt=\"\" class=\"wp-image-174\" srcset=\"https:\/\/envisluzbysro.cz\/wp-content\/uploads\/2022\/08\/20200819_071104-576x1024.jpg 576w, https:\/\/envisluzbysro.cz\/wp-content\/uploads\/2022\/08\/20200819_071104-169x300.jpg 169w, https:\/\/envisluzbysro.cz\/wp-content\/uploads\/2022\/08\/20200819_071104-768x1365.jpg 768w, https:\/\/envisluzbysro.cz\/wp-content\/uploads\/2022\/08\/20200819_071104-864x1536.jpg 864w, https:\/\/envisluzbysro.cz\/wp-content\/uploads\/2022\/08\/20200819_071104-1152x2048.jpg 1152w, https:\/\/envisluzbysro.cz\/wp-content\/uploads\/2022\/08\/20200819_071104-scaled.jpg 1440w\" sizes=\"(max-width: 576px) 100vw, 576px\" \/><\/a><\/figure>\n\n\n\n<figure class=\"wp-block-image size-large\"><a href=\"http:\/\/envisluzbysro.cz\/wp-content\/uploads\/2022\/08\/20200819_071206-scaled.jpg\"><img loading=\"lazy\" width=\"576\" height=\"1024\" data-id=\"172\"  src=\"http:\/\/envisluzbysro.cz\/wp-content\/uploads\/2022\/08\/20200819_071206-576x1024.jpg\" alt=\"\" class=\"wp-image-172\" srcset=\"https:\/\/envisluzbysro.cz\/wp-content\/uploads\/2022\/08\/20200819_071206-576x1024.jpg 576w, https:\/\/envisluzbysro.cz\/wp-content\/uploads\/2022\/08\/20200819_071206-169x300.jpg 169w, https:\/\/envisluzbysro.cz\/wp-content\/uploads\/2022\/08\/20200819_071206-768x1365.jpg 768w, https:\/\/envisluzbysro.cz\/wp-content\/uploads\/2022\/08\/20200819_071206-864x1536.jpg 864w, https:\/\/envisluzbysro.cz\/wp-content\/uploads\/2022\/08\/20200819_071206-1152x2048.jpg 1152w, https:\/\/envisluzbysro.cz\/wp-content\/uploads\/2022\/08\/20200819_071206-scaled.jpg 1440w\" sizes=\"(max-width: 576px) 100vw, 576px\" \/><\/a><\/figure>\n<\/figure>\n\n\n\n<pre class=\"wp-block-code\"><code><a name=\"svarovani\"><\/a><\/code><\/pre>\n\n\n\n<h3>Opravy j\u00edmek sva\u0159ov\u00e1n\u00edm plast\u016f<\/h3>\n\n\n\n<figure class=\"wp-container-18 wp-block-gallery-17 wp-block-gallery has-nested-images columns-default is-cropped\">\n<figure class=\"wp-block-image size-large\"><a href=\"http:\/\/envisluzbysro.cz\/wp-content\/uploads\/2022\/08\/svarovani1.jpg\"><img loading=\"lazy\" width=\"180\" height=\"320\" data-id=\"266\"  src=\"http:\/\/envisluzbysro.cz\/wp-content\/uploads\/2022\/08\/svarovani1.jpg\" alt=\"\" class=\"wp-image-266\" srcset=\"https:\/\/envisluzbysro.cz\/wp-content\/uploads\/2022\/08\/svarovani1.jpg 180w, https:\/\/envisluzbysro.cz\/wp-content\/uploads\/2022\/08\/svarovani1-169x300.jpg 169w\" sizes=\"(max-width: 180px) 100vw, 180px\" \/><\/a><\/figure>\n\n\n\n<figure class=\"wp-block-image size-large\"><a href=\"http:\/\/envisluzbysro.cz\/wp-content\/uploads\/2022\/08\/svarovani2.jpg\"><img loading=\"lazy\" width=\"180\" height=\"320\" data-id=\"264\"  src=\"http:\/\/envisluzbysro.cz\/wp-content\/uploads\/2022\/08\/svarovani2.jpg\" alt=\"\" class=\"wp-image-264\" srcset=\"https:\/\/envisluzbysro.cz\/wp-content\/uploads\/2022\/08\/svarovani2.jpg 180w, https:\/\/envisluzbysro.cz\/wp-content\/uploads\/2022\/08\/svarovani2-169x300.jpg 169w\" sizes=\"(max-width: 180px) 100vw, 180px\" \/><\/a><\/figure>\n\n\n\n<figure class=\"wp-block-image size-large\"><a href=\"http:\/\/envisluzbysro.cz\/wp-content\/uploads\/2022\/08\/svarovani3.jpg\"><img loading=\"lazy\" width=\"157\" height=\"320\" data-id=\"265\"  src=\"http:\/\/envisluzbysro.cz\/wp-content\/uploads\/2022\/08\/svarovani3.jpg\" alt=\"\" class=\"wp-image-265\" srcset=\"https:\/\/envisluzbysro.cz\/wp-content\/uploads\/2022\/08\/svarovani3.jpg 157w, https:\/\/envisluzbysro.cz\/wp-content\/uploads\/2022\/08\/svarovani3-147x300.jpg 147w\" sizes=\"(max-width: 157px) 100vw, 157px\" \/><\/a><\/figure>\n<\/figure>\n\n\n\n<h2>S\u00e1n\u00ed odpadu na vz\u00e1lenost a\u017e 60m<\/h2>\n\n\n\n<figure class=\"wp-container-20 wp-block-gallery-19 wp-block-gallery has-nested-images columns-default is-cropped\">\n<figure class=\"wp-block-image size-large\"><a href=\"http:\/\/envisluzbysro.cz\/wp-content\/uploads\/2022\/09\/SaniOdpaduNa60m_03.jpeg\"><img loading=\"lazy\" width=\"576\" height=\"1024\" data-id=\"288\"  src=\"http:\/\/envisluzbysro.cz\/wp-content\/uploads\/2022\/09\/SaniOdpaduNa60m_03-576x1024.jpeg\" alt=\"\" class=\"wp-image-288\" srcset=\"https:\/\/envisluzbysro.cz\/wp-content\/uploads\/2022\/09\/SaniOdpaduNa60m_03-576x1024.jpeg 576w, https:\/\/envisluzbysro.cz\/wp-content\/uploads\/2022\/09\/SaniOdpaduNa60m_03-169x300.jpeg 169w, https:\/\/envisluzbysro.cz\/wp-content\/uploads\/2022\/09\/SaniOdpaduNa60m_03-768x1365.jpeg 768w, https:\/\/envisluzbysro.cz\/wp-content\/uploads\/2022\/09\/SaniOdpaduNa60m_03-864x1536.jpeg 864w, https:\/\/envisluzbysro.cz\/wp-content\/uploads\/2022\/09\/SaniOdpaduNa60m_03.jpeg 900w\" sizes=\"(max-width: 576px) 100vw, 576px\" \/><\/a><\/figure>\n\n\n\n<figure class=\"wp-block-image size-large\"><a href=\"http:\/\/envisluzbysro.cz\/wp-content\/uploads\/2022\/09\/SaniOdpaduNa60m_02.jpeg\"><img loading=\"lazy\" width=\"576\" height=\"1024\" data-id=\"289\"  src=\"http:\/\/envisluzbysro.cz\/wp-content\/uploads\/2022\/09\/SaniOdpaduNa60m_02-576x1024.jpeg\" alt=\"\" class=\"wp-image-289\" srcset=\"https:\/\/envisluzbysro.cz\/wp-content\/uploads\/2022\/09\/SaniOdpaduNa60m_02-576x1024.jpeg 576w, https:\/\/envisluzbysro.cz\/wp-content\/uploads\/2022\/09\/SaniOdpaduNa60m_02-169x300.jpeg 169w, https:\/\/envisluzbysro.cz\/wp-content\/uploads\/2022\/09\/SaniOdpaduNa60m_02-768x1365.jpeg 768w, https:\/\/envisluzbysro.cz\/wp-content\/uploads\/2022\/09\/SaniOdpaduNa60m_02-864x1536.jpeg 864w, https:\/\/envisluzbysro.cz\/wp-content\/uploads\/2022\/09\/SaniOdpaduNa60m_02.jpeg 900w\" sizes=\"(max-width: 576px) 100vw, 576px\" \/><\/a><\/figure>\n\n\n\n<figure class=\"wp-block-image size-large\"><a href=\"http:\/\/envisluzbysro.cz\/wp-content\/uploads\/2022\/09\/SaniOdpaduNa60m_01.jpeg\"><img loading=\"lazy\" width=\"1024\" height=\"576\" data-id=\"290\"  src=\"http:\/\/envisluzbysro.cz\/wp-content\/uploads\/2022\/09\/SaniOdpaduNa60m_01-1024x576.jpeg\" alt=\"\" class=\"wp-image-290\" srcset=\"https:\/\/envisluzbysro.cz\/wp-content\/uploads\/2022\/09\/SaniOdpaduNa60m_01-1024x576.jpeg 1024w, https:\/\/envisluzbysro.cz\/wp-content\/uploads\/2022\/09\/SaniOdpaduNa60m_01-300x169.jpeg 300w, https:\/\/envisluzbysro.cz\/wp-content\/uploads\/2022\/09\/SaniOdpaduNa60m_01-768x432.jpeg 768w, https:\/\/envisluzbysro.cz\/wp-content\/uploads\/2022\/09\/SaniOdpaduNa60m_01-1536x864.jpeg 1536w, https:\/\/envisluzbysro.cz\/wp-content\/uploads\/2022\/09\/SaniOdpaduNa60m_01.jpeg 1600w\" sizes=\"(max-width: 1024px) 100vw, 1024px\" \/><\/a><\/figure>\n<\/figure>\n\n\n\n<h2>Ru\u010dn\u00ed \u010di\u0161t\u011bn\u00ed le\u017eat\u00e9ho potrub\u00ed<\/h2>\n\n\n\n<figure class=\"wp-container-22 wp-block-gallery-21 wp-block-gallery has-nested-images columns-default is-cropped\">\n<figure class=\"wp-block-image size-large\"><a href=\"http:\/\/envisluzbysro.cz\/wp-content\/uploads\/2022\/09\/RucniCisteniLezatehoPotrubiGaraze_02.jpeg\"><img loading=\"lazy\" width=\"576\" height=\"1024\" data-id=\"291\"  src=\"http:\/\/envisluzbysro.cz\/wp-content\/uploads\/2022\/09\/RucniCisteniLezatehoPotrubiGaraze_02-576x1024.jpeg\" alt=\"\" class=\"wp-image-291\" srcset=\"https:\/\/envisluzbysro.cz\/wp-content\/uploads\/2022\/09\/RucniCisteniLezatehoPotrubiGaraze_02-576x1024.jpeg 576w, https:\/\/envisluzbysro.cz\/wp-content\/uploads\/2022\/09\/RucniCisteniLezatehoPotrubiGaraze_02-169x300.jpeg 169w, https:\/\/envisluzbysro.cz\/wp-content\/uploads\/2022\/09\/RucniCisteniLezatehoPotrubiGaraze_02-768x1366.jpeg 768w, https:\/\/envisluzbysro.cz\/wp-content\/uploads\/2022\/09\/RucniCisteniLezatehoPotrubiGaraze_02-864x1536.jpeg 864w, https:\/\/envisluzbysro.cz\/wp-content\/uploads\/2022\/09\/RucniCisteniLezatehoPotrubiGaraze_02.jpeg 899w\" sizes=\"(max-width: 576px) 100vw, 576px\" \/><\/a><\/figure>\n\n\n\n<figure class=\"wp-block-image size-large\"><a href=\"http:\/\/envisluzbysro.cz\/wp-content\/uploads\/2022\/09\/RucniCisteniLezatehoPotrubiGaraze_01.jpeg\"><img loading=\"lazy\" width=\"576\" height=\"1024\" data-id=\"292\"  src=\"http:\/\/envisluzbysro.cz\/wp-content\/uploads\/2022\/09\/RucniCisteniLezatehoPotrubiGaraze_01-576x1024.jpeg\" alt=\"\" class=\"wp-image-292\" srcset=\"https:\/\/envisluzbysro.cz\/wp-content\/uploads\/2022\/09\/RucniCisteniLezatehoPotrubiGaraze_01-576x1024.jpeg 576w, https:\/\/envisluzbysro.cz\/wp-content\/uploads\/2022\/09\/RucniCisteniLezatehoPotrubiGaraze_01-169x300.jpeg 169w, https:\/\/envisluzbysro.cz\/wp-content\/uploads\/2022\/09\/RucniCisteniLezatehoPotrubiGaraze_01-768x1366.jpeg 768w, https:\/\/envisluzbysro.cz\/wp-content\/uploads\/2022\/09\/RucniCisteniLezatehoPotrubiGaraze_01-864x1536.jpeg 864w, https:\/\/envisluzbysro.cz\/wp-content\/uploads\/2022\/09\/RucniCisteniLezatehoPotrubiGaraze_01.jpeg 899w\" sizes=\"(max-width: 576px) 100vw, 576px\" \/><\/a><\/figure>\n<\/figure>\n","protected":false},"excerpt":{"rendered":"<p>\u010ci\u0161t\u011bn\u00ed a monitoring kanalizac\u00ed na \u0161patn\u011b dostupn\u00fdch m\u00edstech Fr\u00e9zov\u00e1n\u00ed kanaliza\u010dn\u00edch stoupa\u010dek Sanace kanalizac\u00ed pomoc\u00ed ruk\u00e1vc\u016f Ru\u010dn\u00ed \u010di\u0161t\u011bn\u00ed j\u00edmek v&nbsp;gar\u00e1\u017e\u00edch a \u0161patn\u011b dostupn\u00fdch m\u00edstech S\u00e1n\u00ed a tlakov\u00e9 myt\u00ed&nbsp; lapol\u016f a j\u00edmek<\/p>\n<p class=\"more-link\"><a href=\"https:\/\/envisluzbysro.cz\/?page_id=116\" class=\"readmore\">V\u00edce informac\u00ed<svg class=\"icon icon-angle-right\" aria-hidden=\"true\" role=\"img\"> <use href=\"#icon-angle-right\" xlink:href=\"#icon-angle-right\"><\/use> <\/svg><span class=\"screen-reader-text\">Uk\u00e1zky na\u0161\u00ed pr\u00e1ce<\/span><\/a><\/p>\n","protected":false},"author":1,"featured_media":0,"parent":0,"menu_order":0,"comment_status":"closed","ping_status":"closed","template":"","meta":[],"_links":{"self":[{"href":"https:\/\/envisluzbysro.cz\/index.php?rest_route=\/wp\/v2\/pages\/116"}],"collection":[{"href":"https:\/\/envisluzbysro.cz\/index.php?rest_route=\/wp\/v2\/pages"}],"about":[{"href":"https:\/\/envisluzbysro.cz\/index.php?rest_route=\/wp\/v2\/types\/page"}],"author":[{"embeddable":true,"href":"https:\/\/envisluzbysro.cz\/index.php?rest_route=\/wp\/v2\/users\/1"}],"replies":[{"embeddable":true,"href":"https:\/\/envisluzbysro.cz\/index.php?rest_route=%2Fwp%2Fv2%2Fcomments&post=116"}],"version-history":[{"count":22,"href":"https:\/\/envisluzbysro.cz\/index.php?rest_route=\/wp\/v2\/pages\/116\/revisions"}],"predecessor-version":[{"id":293,"href":"https:\/\/envisluzbysro.cz\/index.php?rest_route=\/wp\/v2\/pages\/116\/revisions\/293"}],"wp:attachment":[{"href":"https:\/\/envisluzbysro.cz\/index.php?rest_route=%2Fwp%2Fv2%2Fmedia&parent=116"}],"curies":[{"name":"wp","href":"https:\/\/api.w.org\/{rel}","templated":true}]}}